{"id":3,"date":"2020-06-26T20:24:19","date_gmt":"2020-06-26T18:24:19","guid":{"rendered":"http:\/\/maribeag.com\/?page_id=3"},"modified":"2020-11-18T22:52:06","modified_gmt":"2020-11-18T21:52:06","slug":"mentions-legales","status":"publish","type":"page","link":"https:\/\/maribeag.com\/en\/mentions-legales\/","title":{"rendered":"Legal Notices"},"content":{"rendered":"<div data-elementor-type=\"wp-page\" data-elementor-id=\"3\" class=\"elementor elementor-3\" data-elementor-settings=\"[]\">\n\t\t\t\t\t\t<div class=\"elementor-inner\">\n\t\t\t\t\t\t\t<div class=\"elementor-section-wrap\">\n\t\t\t\t\t\t\t<section class=\"elementor-section elementor-top-section elementor-element elementor-element-49321c3 elementor-section-boxed elementor-section-height-default elementor-section-height-default\" data-id=\"49321c3\" data-element_type=\"section\">\n\t\t\t\t\t\t<div class=\"elementor-container elementor-column-gap-default\">\n\t\t\t\t\t\t\t<div class=\"elementor-row\">\n\t\t\t\t\t<div class=\"elementor-column elementor-col-100 elementor-top-column elementor-element elementor-element-8f93507\" data-id=\"8f93507\" data-element_type=\"column\">\n\t\t\t<div class=\"elementor-column-wrap elementor-element-populated\">\n\t\t\t\t\t\t\t<div class=\"elementor-widget-wrap\">\n\t\t\t\t\t\t<section class=\"elementor-section elementor-inner-section elementor-element elementor-element-ba9b6cf elementor-section-boxed elementor-section-height-default elementor-section-height-default\" data-id=\"ba9b6cf\" data-element_type=\"section\">\n\t\t\t\t\t\t<div class=\"elementor-container elementor-column-gap-default\">\n\t\t\t\t\t\t\t<div class=\"elementor-row\">\n\t\t\t\t\t<div class=\"elementor-column elementor-col-100 elementor-inner-column elementor-element elementor-element-f12db78\" data-id=\"f12db78\" data-element_type=\"column\">\n\t\t\t<div class=\"elementor-column-wrap elementor-element-populated\">\n\t\t\t\t\t\t\t<div class=\"elementor-widget-wrap\">\n\t\t\t\t\t\t<div class=\"elementor-element elementor-element-aedcffc elementor-widget elementor-widget-heading\" data-id=\"aedcffc\" data-element_type=\"widget\" data-widget_type=\"heading.default\">\n\t\t\t\t<div class=\"elementor-widget-container\">\n\t\t\t<h1 class=\"elementor-heading-title elementor-size-default\">Legal Notices<\/h1>\t\t<\/div>\n\t\t\t\t<\/div>\n\t\t\t\t\t\t<\/div>\n\t\t\t\t\t<\/div>\n\t\t<\/div>\n\t\t\t\t\t\t\t\t<\/div>\n\t\t\t\t\t<\/div>\n\t\t<\/section>\n\t\t\t\t<section class=\"elementor-section elementor-inner-section elementor-element elementor-element-5a154cf elementor-section-boxed elementor-section-height-default elementor-section-height-default\" data-id=\"5a154cf\" data-element_type=\"section\">\n\t\t\t\t\t\t<div class=\"elementor-container elementor-column-gap-default\">\n\t\t\t\t\t\t\t<div class=\"elementor-row\">\n\t\t\t\t\t<div class=\"elementor-column elementor-col-100 elementor-inner-column elementor-element elementor-element-8fd86e5\" data-id=\"8fd86e5\" data-element_type=\"column\">\n\t\t\t<div class=\"elementor-column-wrap elementor-element-populated\">\n\t\t\t\t\t\t\t<div class=\"elementor-widget-wrap\">\n\t\t\t\t\t\t<div class=\"elementor-element elementor-element-53201edc elementor-widget elementor-widget-text-editor\" data-id=\"53201edc\" data-element_type=\"widget\" data-widget_type=\"text-editor.default\">\n\t\t\t\t<div class=\"elementor-widget-container\">\n\t\t\t\t\t\t\t\t<div class=\"elementor-text-editor elementor-clearfix\">\n\t\t\t\t<!-- wp:paragraph -->\n<p><strong>marib\u00e9 Host Consulting<br \/><\/strong>Consulting for operations and touristic development in hotels, food &amp; beverage, catering, spa, themed park, casino and golf.<\/p>\n<!-- \/wp:paragraph --><!-- wp:paragraph -->\n<p>marib\u00e9 ag<br \/>Sumpfstrasse 15 &#8211; CH-6312 Steinhausen<br \/>Tel. Swiss : +41 79 655 00 14\u00a0<\/p>\n<!-- \/wp:paragraph --><!-- wp:paragraph -->\n<p>Phone Morocco : +212 6 61 78 12 30\u00a0<br \/>Phone France : +33 6 42 32 80 96\u00a0<\/p>\n<!-- \/wp:paragraph --><!-- wp:paragraph -->\n<p><a href=\"mailto:info@maribeag.com\">info@maribeag.com<\/a><br \/><a href=\"https:\/\/maribeag.com\/en\/\">www.maribeag.com<\/a><\/p>\n<!-- \/wp:paragraph --><!-- wp:paragraph -->\n<p>Handelsregisternummer : CH-170.3.037.170-2\u00a0<br \/>Mehrwertsteuernummer : CHE-404.966.464<\/p>\n<!-- \/wp:paragraph --><!-- wp:paragraph -->\n<p>Hosted by Swisscom.ch<\/p>\n<!-- \/wp:paragraph -->\t\t\t\t\t<\/div>\n\t\t\t\t\t\t<\/div>\n\t\t\t\t<\/div>\n\t\t\t\t\t\t<\/div>\n\t\t\t\t\t<\/div>\n\t\t<\/div>\n\t\t\t\t\t\t\t\t<\/div>\n\t\t\t\t\t<\/div>\n\t\t<\/section>\n\t\t\t\t\t\t<\/div>\n\t\t\t\t\t<\/div>\n\t\t<\/div>\n\t\t\t\t\t\t\t\t<\/div>\n\t\t\t\t\t<\/div>\n\t\t<\/section>\n\t\t\t\t\t\t<\/div>\n\t\t\t\t\t\t<\/div>\n\t\t\t\t\t<\/div>","protected":false},"excerpt":{"rendered":"<p>Mentions l\u00e9gales marib\u00e9 Host ConsultingConseil en exploitation et d\u00e9veloppement touristique d\u2019h\u00f4tels, restaurants, service traiteur, parc d\u2019attraction, casino et golf. marib\u00e9 agSumpfstrasse 15 &#8211; CH-6312 SteinhausenTel. Swiss : +41 79 655 00 14\u00a0 Tel. Morocco : +212 6 61 78 12 30\u00a0Tel. France : +33 6 42 32 80 96\u00a0 info@maribeag.comwww.maribeag.com Handelsregisternummer : CH-170.3.037.170-2\u00a0Mehrwertsteuernummer : CHE-404.966.464 [&hellip;]<\/p>\n","protected":false},"author":1,"featured_media":0,"parent":0,"menu_order":0,"comment_status":"closed","ping_status":"open","template":"","meta":[],"yoast_head":"<!-- This site is optimized with the Yoast SEO plugin v19.13 - https:\/\/yoast.com\/wordpress\/plugins\/seo\/ -->\n<title>Mentions l\u00e9gales - marib\u00e9 Host Consulting<\/title>\n<meta name=\"robots\" content=\"index, follow, max-snippet:-1, max-image-preview:large, max-video-preview:-1\" \/>\n<link rel=\"canonical\" href=\"https:\/\/maribeag.com\/en\/mentions-legales\/\" \/>\n<meta property=\"og:locale\" content=\"en_US\" \/>\n<meta property=\"og:type\" content=\"article\" \/>\n<meta property=\"og:title\" content=\"Mentions l\u00e9gales - marib\u00e9 Host Consulting\" \/>\n<meta property=\"og:description\" content=\"Mentions l\u00e9gales marib\u00e9 Host ConsultingConseil en exploitation et d\u00e9veloppement touristique d\u2019h\u00f4tels, restaurants, service traiteur, parc d\u2019attraction, casino et golf. marib\u00e9 agSumpfstrasse 15 &#8211; CH-6312 SteinhausenTel. Swiss : +41 79 655 00 14\u00a0 Tel. Morocco : +212 6 61 78 12 30\u00a0Tel. France : +33 6 42 32 80 96\u00a0 info@maribeag.comwww.maribeag.com Handelsregisternummer : CH-170.3.037.170-2\u00a0Mehrwertsteuernummer : CHE-404.966.464 [&hellip;]\" \/>\n<meta property=\"og:url\" content=\"https:\/\/maribeag.com\/en\/mentions-legales\/\" \/>\n<meta property=\"og:site_name\" content=\"marib\u00e9 Host Consulting\" \/>\n<meta property=\"article:modified_time\" content=\"2020-11-18T21:52:06+00:00\" \/>\n<meta name=\"twitter:card\" content=\"summary_large_image\" \/>\n<script type=\"application\/ld+json\" class=\"yoast-schema-graph\">{\"@context\":\"https:\/\/schema.org\",\"@graph\":[{\"@type\":\"WebPage\",\"@id\":\"https:\/\/maribeag.com\/en\/mentions-legales\/\",\"url\":\"https:\/\/maribeag.com\/en\/mentions-legales\/\",\"name\":\"Mentions l\u00e9gales - marib\u00e9 Host Consulting\",\"isPartOf\":{\"@id\":\"https:\/\/maribeag.com\/#website\"},\"datePublished\":\"2020-06-26T18:24:19+00:00\",\"dateModified\":\"2020-11-18T21:52:06+00:00\",\"inLanguage\":\"en-US\",\"potentialAction\":[{\"@type\":\"ReadAction\",\"target\":[\"https:\/\/maribeag.com\/en\/mentions-legales\/\"]}]},{\"@type\":\"WebSite\",\"@id\":\"https:\/\/maribeag.com\/#website\",\"url\":\"https:\/\/maribeag.com\/\",\"name\":\"marib\u00e9 Host Consulting\",\"description\":\"A Passion for Hospitality\",\"publisher\":{\"@id\":\"https:\/\/maribeag.com\/#organization\"},\"potentialAction\":[{\"@type\":\"SearchAction\",\"target\":{\"@type\":\"EntryPoint\",\"urlTemplate\":\"https:\/\/maribeag.com\/?s={search_term_string}\"},\"query-input\":\"required name=search_term_string\"}],\"inLanguage\":\"en-US\"},{\"@type\":\"Organization\",\"@id\":\"https:\/\/maribeag.com\/#organization\",\"name\":\"marib\u00e9 Host Consulting\",\"url\":\"https:\/\/maribeag.com\/\",\"logo\":{\"@type\":\"ImageObject\",\"inLanguage\":\"en-US\",\"@id\":\"https:\/\/maribeag.com\/#\/schema\/logo\/image\/\",\"url\":\"https:\/\/maribeag.com\/wp-content\/uploads\/2020\/07\/logo-maribe-carre.svg\",\"contentUrl\":\"https:\/\/maribeag.com\/wp-content\/uploads\/2020\/07\/logo-maribe-carre.svg\",\"caption\":\"marib\u00e9 Host Consulting\"},\"image\":{\"@id\":\"https:\/\/maribeag.com\/#\/schema\/logo\/image\/\"}}]}<\/script>\n<!-- \/ Yoast SEO plugin. -->","yoast_head_json":{"title":"Mentions l\u00e9gales - marib\u00e9 Host Consulting","robots":{"index":"index","follow":"follow","max-snippet":"max-snippet:-1","max-image-preview":"max-image-preview:large","max-video-preview":"max-video-preview:-1"},"canonical":"https:\/\/maribeag.com\/en\/mentions-legales\/","og_locale":"en_US","og_type":"article","og_title":"Mentions l\u00e9gales - marib\u00e9 Host Consulting","og_description":"Mentions l\u00e9gales marib\u00e9 Host ConsultingConseil en exploitation et d\u00e9veloppement touristique d\u2019h\u00f4tels, restaurants, service traiteur, parc d\u2019attraction, casino et golf. marib\u00e9 agSumpfstrasse 15 &#8211; CH-6312 SteinhausenTel. Swiss : +41 79 655 00 14\u00a0 Tel. Morocco : +212 6 61 78 12 30\u00a0Tel. France : +33 6 42 32 80 96\u00a0 info@maribeag.comwww.maribeag.com Handelsregisternummer : CH-170.3.037.170-2\u00a0Mehrwertsteuernummer : CHE-404.966.464 [&hellip;]","og_url":"https:\/\/maribeag.com\/en\/mentions-legales\/","og_site_name":"marib\u00e9 Host Consulting","article_modified_time":"2020-11-18T21:52:06+00:00","twitter_card":"summary_large_image","schema":{"@context":"https:\/\/schema.org","@graph":[{"@type":"WebPage","@id":"https:\/\/maribeag.com\/en\/mentions-legales\/","url":"https:\/\/maribeag.com\/en\/mentions-legales\/","name":"Mentions l\u00e9gales - marib\u00e9 Host Consulting","isPartOf":{"@id":"https:\/\/maribeag.com\/#website"},"datePublished":"2020-06-26T18:24:19+00:00","dateModified":"2020-11-18T21:52:06+00:00","inLanguage":"en-US","potentialAction":[{"@type":"ReadAction","target":["https:\/\/maribeag.com\/en\/mentions-legales\/"]}]},{"@type":"WebSite","@id":"https:\/\/maribeag.com\/#website","url":"https:\/\/maribeag.com\/","name":"marib\u00e9 Host Consulting","description":"A Passion for Hospitality","publisher":{"@id":"https:\/\/maribeag.com\/#organization"},"potentialAction":[{"@type":"SearchAction","target":{"@type":"EntryPoint","urlTemplate":"https:\/\/maribeag.com\/?s={search_term_string}"},"query-input":"required name=search_term_string"}],"inLanguage":"en-US"},{"@type":"Organization","@id":"https:\/\/maribeag.com\/#organization","name":"marib\u00e9 Host Consulting","url":"https:\/\/maribeag.com\/","logo":{"@type":"ImageObject","inLanguage":"en-US","@id":"https:\/\/maribeag.com\/#\/schema\/logo\/image\/","url":"https:\/\/maribeag.com\/wp-content\/uploads\/2020\/07\/logo-maribe-carre.svg","contentUrl":"https:\/\/maribeag.com\/wp-content\/uploads\/2020\/07\/logo-maribe-carre.svg","caption":"marib\u00e9 Host Consulting"},"image":{"@id":"https:\/\/maribeag.com\/#\/schema\/logo\/image\/"}}]}},"_links":{"self":[{"href":"https:\/\/maribeag.com\/en\/wp-json\/wp\/v2\/pages\/3"}],"collection":[{"href":"https:\/\/maribeag.com\/en\/wp-json\/wp\/v2\/pages"}],"about":[{"href":"https:\/\/maribeag.com\/en\/wp-json\/wp\/v2\/types\/page"}],"author":[{"embeddable":true,"href":"https:\/\/maribeag.com\/en\/wp-json\/wp\/v2\/users\/1"}],"replies":[{"embeddable":true,"href":"https:\/\/maribeag.com\/en\/wp-json\/wp\/v2\/comments?post=3"}],"version-history":[{"count":18,"href":"https:\/\/maribeag.com\/en\/wp-json\/wp\/v2\/pages\/3\/revisions"}],"predecessor-version":[{"id":789,"href":"https:\/\/maribeag.com\/en\/wp-json\/wp\/v2\/pages\/3\/revisions\/789"}],"wp:attachment":[{"href":"https:\/\/maribeag.com\/en\/wp-json\/wp\/v2\/media?parent=3"}],"curies":[{"name":"wp","href":"https:\/\/api.w.org\/{rel}","templated":true}]}}